{"id":6,"date":"2026-02-19T19:03:47","date_gmt":"2026-02-19T22:03:47","guid":{"rendered":"http:\/\/brendamedeiros.com.br\/?page_id=6"},"modified":"2026-02-24T12:41:54","modified_gmt":"2026-02-24T15:41:54","slug":"home","status":"publish","type":"page","link":"https:\/\/brendamedeiros.com.br\/","title":{"rendered":"Home"},"content":{"rendered":"<div class=\"brz-root__container\"><\/div>\n\n\n<div class=\"wp-block-cover is-light\"><span aria-hidden=\"true\" class=\"wp-block-cover__background has-background-dim-0 has-background-dim\"><\/span><div class=\"wp-block-cover__inner-container is-layout-constrained wp-block-cover-is-layout-constrained\">\n<p class=\"has-text-align-center has-palette-color-2-color has-text-color has-link-color has-small-font-size wp-elements-7317652a2158aab61914982448648529\" id=\"transformando-marcas-emexperiencias-unicas\" style=\"margin-bottom:-40px;padding-top:0;padding-bottom:0px;letter-spacing:5px\">DESIGNER VISUAL \u2022 PORTF\u00d3LIO&nbsp;2026<\/p>\n\n\n\n<h1 class=\"wp-block-heading has-text-align-center has-palette-color-8-color has-text-color has-link-color has-x-large-font-size wp-elements-f0716a196ffe4c391bdb240e3e0a0c50\" id=\"transformando-marcas-emexperiencias-unicas\" style=\"padding-top:0;padding-bottom:0;line-height:1.3\"><strong>Transformando marcas em<br><mark style=\"background-color:rgba(0, 0, 0, 0)\" class=\"has-inline-color has-palette-color-3-color\">experi\u00eancias \u00fanicas.<\/mark><\/strong><\/h1>\n\n\n\n<p class=\"has-text-align-center has-palette-color-3-color has-text-color has-link-color wp-elements-d3835f07cd4bdc82338b7844b7b0d68e\" id=\"transformando-marcas-emexperiencias-unicas\">Branding Estrat\u00e9gico  |  UX\/UI  |  Social Media de Impacto<\/p>\n<\/div><\/div>\n\n\n\n<div class=\"wp-block-columns is-layout-flex wp-container-core-columns-is-layout-28f84493 wp-block-columns-is-layout-flex\">\n<div class=\"wp-block-column is-vertically-aligned-center has-palette-color-8-background-color has-background uag-hide-desktop uag-hide-tab uag-hide-mob is-layout-flow wp-block-column-is-layout-flow\" style=\"border-top-left-radius:50px;border-top-right-radius:50px;border-bottom-left-radius:50px;border-bottom-right-radius:50px;padding-top:var(--wp--preset--spacing--50);padding-right:var(--wp--preset--spacing--80);padding-bottom:var(--wp--preset--spacing--50);padding-left:var(--wp--preset--spacing--80)\">\n<div class=\"wp-block-columns are-vertically-aligned-center is-layout-flex wp-container-core-columns-is-layout-28f84493 wp-block-columns-is-layout-flex\">\n<div class=\"wp-block-column is-vertically-aligned-center is-layout-flow wp-block-column-is-layout-flow\" style=\"flex-basis:66.66%\">\n<h1 class=\"wp-block-heading has-text-color has-link-color has-x-large-font-size wp-elements-881da58a1a2fd8fc0338db453cd8b634\" id=\"o-que-eu-facode-melhor\" style=\"color:#0c0c0c;line-height:1.1\">O que eu fa\u00e7o<br><mark style=\"background-color:rgba(0, 0, 0, 0)\" class=\"has-inline-color has-palette-color-3-color\">de melhor.<\/mark><\/h1>\n<\/div>\n\n\n\n<div class=\"wp-block-column is-vertically-aligned-center is-layout-flow wp-block-column-is-layout-flow\" style=\"flex-basis:33.33%\">\n<p class=\"has-palette-color-3-color has-text-color has-link-color has-medium-font-size wp-elements-419ee6211a78bb4e6ac252a88fb2762c\">Design n\u00e3o \u00e9 apenas o que parece.<br>\u00c9 como funciona e como resolve problemas reais de mercado.<\/p>\n<\/div>\n<\/div>\n\n\n\n<div class=\"wp-block-columns is-layout-flex wp-container-core-columns-is-layout-28f84493 wp-block-columns-is-layout-flex\">\n<div class=\"wp-block-column is-layout-flow wp-block-column-is-layout-flow\" style=\"flex-basis:10%\"><\/div>\n\n\n\n<div class=\"wp-block-column is-layout-flow wp-block-column-is-layout-flow\"><\/div>\n\n\n\n<div class=\"wp-block-column is-layout-flow wp-block-column-is-layout-flow\"><\/div>\n<\/div>\n<\/div>\n<\/div>\n\n\n\n<p><\/p>\n","protected":false},"excerpt":{"rendered":"<p>O que eu fa\u00e7ode melhor. Design n\u00e3o \u00e9 apenas o que parece.\u00c9 como funciona e como resolve problemas reais de mercado.<\/p>\n","protected":false},"author":1,"featured_media":0,"parent":0,"menu_order":0,"comment_status":"closed","ping_status":"closed","template":"brizy-blank-template.php","meta":{"_gspb_post_css":"","_uag_custom_page_level_css":"","footnotes":""},"class_list":["post-6","page","type-page","status-publish","hentry"],"blocksy_meta":[],"uagb_featured_image_src":{"full":false,"thumbnail":false,"medium":false,"medium_large":false,"large":false,"1536x1536":false,"2048x2048":false},"uagb_author_info":{"display_name":"brendapm","author_link":"https:\/\/brendamedeiros.com.br\/?author=1"},"uagb_comment_info":0,"uagb_excerpt":"O que eu fa\u00e7ode melhor. Design n\u00e3o \u00e9 apenas o que parece.\u00c9 como funciona e como resolve problemas reais de mercado.","_links":{"self":[{"href":"https:\/\/brendamedeiros.com.br\/index.php?rest_route=\/wp\/v2\/pages\/6","targetHints":{"allow":["GET"]}}],"collection":[{"href":"https:\/\/brendamedeiros.com.br\/index.php?rest_route=\/wp\/v2\/pages"}],"about":[{"href":"https:\/\/brendamedeiros.com.br\/index.php?rest_route=\/wp\/v2\/types\/page"}],"author":[{"embeddable":true,"href":"https:\/\/brendamedeiros.com.br\/index.php?rest_route=\/wp\/v2\/users\/1"}],"replies":[{"embeddable":true,"href":"https:\/\/brendamedeiros.com.br\/index.php?rest_route=%2Fwp%2Fv2%2Fcomments&post=6"}],"version-history":[{"count":49,"href":"https:\/\/brendamedeiros.com.br\/index.php?rest_route=\/wp\/v2\/pages\/6\/revisions"}],"predecessor-version":[{"id":118,"href":"https:\/\/brendamedeiros.com.br\/index.php?rest_route=\/wp\/v2\/pages\/6\/revisions\/118"}],"wp:attachment":[{"href":"https:\/\/brendamedeiros.com.br\/index.php?rest_route=%2Fwp%2Fv2%2Fmedia&parent=6"}],"curies":[{"name":"wp","href":"https:\/\/api.w.org\/{rel}","templated":true}]}}